{"id":4055,"date":"2020-05-23T23:36:42","date_gmt":"2020-05-23T21:36:42","guid":{"rendered":"http:\/\/leclubyema.com\/?page_id=4055"},"modified":"2020-05-24T10:50:08","modified_gmt":"2020-05-24T08:50:08","slug":"medias","status":"publish","type":"page","link":"https:\/\/leclubyema.com\/index.php\/medias\/","title":{"rendered":"M\u00e9dias"},"content":{"rendered":"<p><span style=\"font-size: 12pt;\">Les archives du Club YEMA regorgent de documents d&rsquo;\u00e9poque, catalogues de collection YEMA, Publicit\u00e9 TV YEMA, publicit\u00e9s Presse YEMA&#8230; Une autre fa\u00e7on de d\u00e9couvrir la marque.<\/span><\/p>\n<p><span style=\"font-size: 12pt;\">Utilisez le menu pour les parcourir \ud83d\ude09<\/span><\/p>\n","protected":false},"excerpt":{"rendered":"<p>Les archives du Club YEMA regorgent de documents d&rsquo;\u00e9poque, catalogues de collection YEMA, Publicit\u00e9 TV YEMA, publicit\u00e9s Presse [&hellip;]<\/p>\n","protected":false},"author":6,"featured_media":0,"parent":0,"menu_order":0,"comment_status":"closed","ping_status":"closed","template":"","meta":{"_crdt_document":"","_monsterinsights_skip_tracking":false,"_monsterinsights_sitenote_active":false,"_monsterinsights_sitenote_note":"","_monsterinsights_sitenote_category":0,"two_page_speed":[],"footnotes":""},"class_list":["post-4055","page","type-page","status-publish","hentry"],"yoast_head":"<!-- This site is optimized with the Yoast SEO plugin v27.4 - https:\/\/yoast.com\/product\/yoast-seo-wordpress\/ -->\n<title>M\u00e9dias &#8211; LE CLUB YEMA<\/title>\n<meta name=\"description\" content=\"Les archives du Club YEMA regorgent de documents d&#039;\u00e9poque, catalogues de collection YEMA, Publicit\u00e9 TV YEMA, publicit\u00e9s Presse YEMA... Une autre fa\u00e7on de d\u00e9couvrir la marque.\" \/>\n<meta name=\"robots\" content=\"index, follow, max-snippet:-1, max-image-preview:large, max-video-preview:-1\" \/>\n<link rel=\"canonical\" href=\"https:\/\/leclubyema.com\/index.php\/medias\/\" \/>\n<meta property=\"og:locale\" content=\"fr_FR\" \/>\n<meta property=\"og:type\" content=\"article\" \/>\n<meta property=\"og:title\" content=\"M\u00e9dias &#8211; LE CLUB YEMA\" \/>\n<meta property=\"og:description\" content=\"Les archives du Club YEMA regorgent de documents d&#039;\u00e9poque, catalogues de collection YEMA, Publicit\u00e9 TV YEMA, publicit\u00e9s Presse YEMA... Une autre fa\u00e7on de d\u00e9couvrir la marque.\" \/>\n<meta property=\"og:url\" content=\"https:\/\/leclubyema.com\/index.php\/medias\/\" \/>\n<meta property=\"og:site_name\" content=\"LE CLUB YEMA\" \/>\n<meta property=\"article:publisher\" content=\"https:\/\/www.facebook.com\/groups\/287686301762220\" \/>\n<meta property=\"article:modified_time\" content=\"2020-05-24T08:50:08+00:00\" \/>\n<meta name=\"twitter:card\" content=\"summary_large_image\" \/>\n<script type=\"application\/ld+json\" class=\"yoast-schema-graph\">{\"@context\":\"https:\\\/\\\/schema.org\",\"@graph\":[{\"@type\":\"WebPage\",\"@id\":\"https:\\\/\\\/leclubyema.com\\\/index.php\\\/medias\\\/\",\"url\":\"https:\\\/\\\/leclubyema.com\\\/index.php\\\/medias\\\/\",\"name\":\"M\u00e9dias &#8211; LE CLUB YEMA\",\"isPartOf\":{\"@id\":\"https:\\\/\\\/leclubyema.com\\\/#website\"},\"datePublished\":\"2020-05-23T21:36:42+00:00\",\"dateModified\":\"2020-05-24T08:50:08+00:00\",\"description\":\"Les archives du Club YEMA regorgent de documents d'\u00e9poque, catalogues de collection YEMA, Publicit\u00e9 TV YEMA, publicit\u00e9s Presse YEMA... Une autre fa\u00e7on de d\u00e9couvrir la marque.\",\"breadcrumb\":{\"@id\":\"https:\\\/\\\/leclubyema.com\\\/index.php\\\/medias\\\/#breadcrumb\"},\"inLanguage\":\"fr-FR\",\"potentialAction\":[{\"@type\":\"ReadAction\",\"target\":[\"https:\\\/\\\/leclubyema.com\\\/index.php\\\/medias\\\/\"]}]},{\"@type\":\"BreadcrumbList\",\"@id\":\"https:\\\/\\\/leclubyema.com\\\/index.php\\\/medias\\\/#breadcrumb\",\"itemListElement\":[{\"@type\":\"ListItem\",\"position\":1,\"name\":\"Accueil\",\"item\":\"https:\\\/\\\/leclubyema.com\\\/\"},{\"@type\":\"ListItem\",\"position\":2,\"name\":\"M\u00e9dias\"}]},{\"@type\":\"WebSite\",\"@id\":\"https:\\\/\\\/leclubyema.com\\\/#website\",\"url\":\"https:\\\/\\\/leclubyema.com\\\/\",\"name\":\"LE CLUB YEMA\",\"description\":\"L&#039;univers des montres Yema d&#039;antan et d&#039;aujourd&#039;hui\",\"publisher\":{\"@id\":\"https:\\\/\\\/leclubyema.com\\\/#organization\"},\"potentialAction\":[{\"@type\":\"SearchAction\",\"target\":{\"@type\":\"EntryPoint\",\"urlTemplate\":\"https:\\\/\\\/leclubyema.com\\\/?s={search_term_string}\"},\"query-input\":{\"@type\":\"PropertyValueSpecification\",\"valueRequired\":true,\"valueName\":\"search_term_string\"}}],\"inLanguage\":\"fr-FR\"},{\"@type\":\"Organization\",\"@id\":\"https:\\\/\\\/leclubyema.com\\\/#organization\",\"name\":\"Le Club Yema\",\"url\":\"https:\\\/\\\/leclubyema.com\\\/\",\"logo\":{\"@type\":\"ImageObject\",\"inLanguage\":\"fr-FR\",\"@id\":\"https:\\\/\\\/leclubyema.com\\\/#\\\/schema\\\/logo\\\/image\\\/\",\"url\":\"https:\\\/\\\/i0.wp.com\\\/leclubyema.com\\\/wp-content\\\/uploads\\\/2018\\\/05\\\/Logo_ClubYema_OK.jpg?fit=1547%2C636&ssl=1\",\"contentUrl\":\"https:\\\/\\\/i0.wp.com\\\/leclubyema.com\\\/wp-content\\\/uploads\\\/2018\\\/05\\\/Logo_ClubYema_OK.jpg?fit=1547%2C636&ssl=1\",\"width\":1547,\"height\":636,\"caption\":\"Le Club Yema\"},\"image\":{\"@id\":\"https:\\\/\\\/leclubyema.com\\\/#\\\/schema\\\/logo\\\/image\\\/\"},\"sameAs\":[\"https:\\\/\\\/www.facebook.com\\\/groups\\\/287686301762220\",\"https:\\\/\\\/www.instagram.com\\\/leclubyema\\\/\"]}]}<\/script>\n<!-- \/ Yoast SEO plugin. -->","yoast_head_json":{"title":"M\u00e9dias &#8211; LE CLUB YEMA","description":"Les archives du Club YEMA regorgent de documents d'\u00e9poque, catalogues de collection YEMA, Publicit\u00e9 TV YEMA, publicit\u00e9s Presse YEMA... Une autre fa\u00e7on de d\u00e9couvrir la marque.","robots":{"index":"index","follow":"follow","max-snippet":"max-snippet:-1","max-image-preview":"max-image-preview:large","max-video-preview":"max-video-preview:-1"},"canonical":"https:\/\/leclubyema.com\/index.php\/medias\/","og_locale":"fr_FR","og_type":"article","og_title":"M\u00e9dias &#8211; LE CLUB YEMA","og_description":"Les archives du Club YEMA regorgent de documents d'\u00e9poque, catalogues de collection YEMA, Publicit\u00e9 TV YEMA, publicit\u00e9s Presse YEMA... Une autre fa\u00e7on de d\u00e9couvrir la marque.","og_url":"https:\/\/leclubyema.com\/index.php\/medias\/","og_site_name":"LE CLUB YEMA","article_publisher":"https:\/\/www.facebook.com\/groups\/287686301762220","article_modified_time":"2020-05-24T08:50:08+00:00","twitter_card":"summary_large_image","schema":{"@context":"https:\/\/schema.org","@graph":[{"@type":"WebPage","@id":"https:\/\/leclubyema.com\/index.php\/medias\/","url":"https:\/\/leclubyema.com\/index.php\/medias\/","name":"M\u00e9dias &#8211; LE CLUB YEMA","isPartOf":{"@id":"https:\/\/leclubyema.com\/#website"},"datePublished":"2020-05-23T21:36:42+00:00","dateModified":"2020-05-24T08:50:08+00:00","description":"Les archives du Club YEMA regorgent de documents d'\u00e9poque, catalogues de collection YEMA, Publicit\u00e9 TV YEMA, publicit\u00e9s Presse YEMA... Une autre fa\u00e7on de d\u00e9couvrir la marque.","breadcrumb":{"@id":"https:\/\/leclubyema.com\/index.php\/medias\/#breadcrumb"},"inLanguage":"fr-FR","potentialAction":[{"@type":"ReadAction","target":["https:\/\/leclubyema.com\/index.php\/medias\/"]}]},{"@type":"BreadcrumbList","@id":"https:\/\/leclubyema.com\/index.php\/medias\/#breadcrumb","itemListElement":[{"@type":"ListItem","position":1,"name":"Accueil","item":"https:\/\/leclubyema.com\/"},{"@type":"ListItem","position":2,"name":"M\u00e9dias"}]},{"@type":"WebSite","@id":"https:\/\/leclubyema.com\/#website","url":"https:\/\/leclubyema.com\/","name":"LE CLUB YEMA","description":"L&#039;univers des montres Yema d&#039;antan et d&#039;aujourd&#039;hui","publisher":{"@id":"https:\/\/leclubyema.com\/#organization"},"potentialAction":[{"@type":"SearchAction","target":{"@type":"EntryPoint","urlTemplate":"https:\/\/leclubyema.com\/?s={search_term_string}"},"query-input":{"@type":"PropertyValueSpecification","valueRequired":true,"valueName":"search_term_string"}}],"inLanguage":"fr-FR"},{"@type":"Organization","@id":"https:\/\/leclubyema.com\/#organization","name":"Le Club Yema","url":"https:\/\/leclubyema.com\/","logo":{"@type":"ImageObject","inLanguage":"fr-FR","@id":"https:\/\/leclubyema.com\/#\/schema\/logo\/image\/","url":"https:\/\/i0.wp.com\/leclubyema.com\/wp-content\/uploads\/2018\/05\/Logo_ClubYema_OK.jpg?fit=1547%2C636&ssl=1","contentUrl":"https:\/\/i0.wp.com\/leclubyema.com\/wp-content\/uploads\/2018\/05\/Logo_ClubYema_OK.jpg?fit=1547%2C636&ssl=1","width":1547,"height":636,"caption":"Le Club Yema"},"image":{"@id":"https:\/\/leclubyema.com\/#\/schema\/logo\/image\/"},"sameAs":["https:\/\/www.facebook.com\/groups\/287686301762220","https:\/\/www.instagram.com\/leclubyema\/"]}]}},"_links":{"self":[{"href":"https:\/\/leclubyema.com\/index.php\/wp-json\/wp\/v2\/pages\/4055","targetHints":{"allow":["GET"]}}],"collection":[{"href":"https:\/\/leclubyema.com\/index.php\/wp-json\/wp\/v2\/pages"}],"about":[{"href":"https:\/\/leclubyema.com\/index.php\/wp-json\/wp\/v2\/types\/page"}],"author":[{"embeddable":true,"href":"https:\/\/leclubyema.com\/index.php\/wp-json\/wp\/v2\/users\/6"}],"replies":[{"embeddable":true,"href":"https:\/\/leclubyema.com\/index.php\/wp-json\/wp\/v2\/comments?post=4055"}],"version-history":[{"count":4,"href":"https:\/\/leclubyema.com\/index.php\/wp-json\/wp\/v2\/pages\/4055\/revisions"}],"predecessor-version":[{"id":4074,"href":"https:\/\/leclubyema.com\/index.php\/wp-json\/wp\/v2\/pages\/4055\/revisions\/4074"}],"wp:attachment":[{"href":"https:\/\/leclubyema.com\/index.php\/wp-json\/wp\/v2\/media?parent=4055"}],"curies":[{"name":"wp","href":"https:\/\/api.w.org\/{rel}","templated":true}]}}