{"id":4043,"date":"2020-05-23T23:09:09","date_gmt":"2020-05-23T21:09:09","guid":{"rendered":"http:\/\/leclubyema.com\/?page_id=4043"},"modified":"2020-05-24T00:39:13","modified_gmt":"2020-05-23T22:39:13","slug":"pubs-tv","status":"publish","type":"page","link":"https:\/\/leclubyema.com\/index.php\/medias\/pubs-tv\/","title":{"rendered":"Pubs TV"},"content":{"rendered":"<p><span style=\"font-family: 'times new roman', times, serif; font-size: 14pt;\"><strong>S\u00e9ance cin\u00e9 avec les publicit\u00e9s TV YEMA !<\/strong><\/span><\/p>\n<p><span style=\"font-family: 'times new roman', times, serif; font-size: 14pt;\">D\u00e9licieusement kitch, voici quelques publicit\u00e9s de la marque YEMA qui ont \u00e9t\u00e9 conserv\u00e9es par l\u2019INA (Institut National de l&rsquo;Audiovisuel fran\u00e7ais) A vos zapettes\u00a0!<\/span><\/p>\n<p><em><strong>A noter<\/strong> : ces videos ne sont pas lisibles sur le navigateur Safari<\/em><\/p>\n<p><iframe src=\"https:\/\/player.ina.fr\/player\/embed\/PUB3784047158\/1\/1b0bd203fbcd702f9bc9b10ac3d0fc21\/620\/349\/0\" width=\"620\" height=\"349\" frameborder=\"0\" marginwidth=\"0\" marginheight=\"0\" scrolling=\"no\"><\/iframe><\/p>\n<p><iframe src=\"https:\/\/player.ina.fr\/player\/embed\/PUB3212581105\/1\/1b0bd203fbcd702f9bc9b10ac3d0fc21\/620\/349\/0\" width=\"620\" height=\"349\" frameborder=\"0\" marginwidth=\"0\" marginheight=\"0\" scrolling=\"no\"><\/iframe><\/p>\n<p><iframe src=\"https:\/\/player.ina.fr\/player\/embed\/PUB3212586022\/1\/1b0bd203fbcd702f9bc9b10ac3d0fc21\/620\/349\/0\" width=\"620\" height=\"349\" frameborder=\"0\" marginwidth=\"0\" marginheight=\"0\" scrolling=\"no\"><\/iframe><\/p>\n<p><iframe src=\"https:\/\/player.ina.fr\/player\/embed\/PUB3212586024\/1\/1b0bd203fbcd702f9bc9b10ac3d0fc21\/620\/349\/0\" width=\"620\" height=\"349\" frameborder=\"0\" marginwidth=\"0\" marginheight=\"0\" scrolling=\"no\"><\/iframe><\/p>\n<p><iframe src=\"https:\/\/player.ina.fr\/player\/embed\/PUB3212594140\/1\/1b0bd203fbcd702f9bc9b10ac3d0fc21\/620\/349\/0\" width=\"620\" height=\"349\" frameborder=\"0\" marginwidth=\"0\" marginheight=\"0\" scrolling=\"no\"><\/iframe><\/p>\n<p><iframe src=\"https:\/\/player.ina.fr\/player\/embed\/PUB3212615128\/1\/1b0bd203fbcd702f9bc9b10ac3d0fc21\/620\/349\/0\" width=\"620\" height=\"349\" frameborder=\"0\" marginwidth=\"0\" marginheight=\"0\" scrolling=\"no\"><\/iframe><\/p>\n<p><iframe src=\"https:\/\/player.ina.fr\/player\/embed\/PUB3213294032\/1\/1b0bd203fbcd702f9bc9b10ac3d0fc21\/620\/349\/0\" width=\"620\" height=\"349\" frameborder=\"0\" marginwidth=\"0\" marginheight=\"0\" scrolling=\"no\"><\/iframe><\/p>\n<p><iframe src=\"https:\/\/player.ina.fr\/player\/embed\/PUB3249386054\/1\/1b0bd203fbcd702f9bc9b10ac3d0fc21\/620\/349\/0\" width=\"620\" height=\"349\" frameborder=\"0\" marginwidth=\"0\" marginheight=\"0\" scrolling=\"no\"><\/iframe><\/p>\n<p><iframe src=\"https:\/\/player.ina.fr\/player\/embed\/PUB3249858030\/1\/1b0bd203fbcd702f9bc9b10ac3d0fc21\/620\/349\/0\" width=\"620\" height=\"349\" frameborder=\"0\" marginwidth=\"0\" marginheight=\"0\" scrolling=\"no\"><\/iframe><\/p>\n<p><iframe src=\"https:\/\/player.ina.fr\/player\/embed\/PUB3249858060\/1\/1b0bd203fbcd702f9bc9b10ac3d0fc21\/620\/349\/0\" width=\"620\" height=\"349\" frameborder=\"0\" marginwidth=\"0\" marginheight=\"0\" scrolling=\"no\"><\/iframe><\/p>\n<p><iframe src=\"https:\/\/player.ina.fr\/player\/embed\/PUB3249859047\/1\/1b0bd203fbcd702f9bc9b10ac3d0fc21\/620\/349\/0\" width=\"620\" height=\"349\" frameborder=\"0\" marginwidth=\"0\" marginheight=\"0\" scrolling=\"no\"><\/iframe><\/p>\n<p><iframe src=\"https:\/\/player.ina.fr\/player\/embed\/PUB3249874099\/1\/1b0bd203fbcd702f9bc9b10ac3d0fc21\/620\/349\/0\" width=\"620\" height=\"349\" frameborder=\"0\" marginwidth=\"0\" marginheight=\"0\" scrolling=\"no\"><\/iframe><\/p>\n<p><iframe src=\"https:\/\/player.ina.fr\/player\/embed\/PUB3250605018\/1\/1b0bd203fbcd702f9bc9b10ac3d0fc21\/620\/349\/0\" width=\"620\" height=\"349\" frameborder=\"0\" marginwidth=\"0\" marginheight=\"0\" scrolling=\"no\"><\/iframe><\/p>\n<p><iframe src=\"https:\/\/player.ina.fr\/player\/embed\/PUB3491033001\/1\/1b0bd203fbcd702f9bc9b10ac3d0fc21\/620\/349\/0\" width=\"620\" height=\"349\" frameborder=\"0\" marginwidth=\"0\" marginheight=\"0\" scrolling=\"no\"><\/iframe><\/p>\n<p><iframe src=\"https:\/\/player.ina.fr\/player\/embed\/PUB3503177034\/1\/1b0bd203fbcd702f9bc9b10ac3d0fc21\/620\/349\/0\" width=\"620\" height=\"349\" frameborder=\"0\" marginwidth=\"0\" marginheight=\"0\" scrolling=\"no\"><\/iframe><\/p>\n<p><iframe src=\"https:\/\/player.ina.fr\/player\/embed\/PUB3784065103\/1\/1b0bd203fbcd702f9bc9b10ac3d0fc21\/620\/349\/0\" width=\"620\" height=\"349\" frameborder=\"0\" marginwidth=\"0\" marginheight=\"0\" scrolling=\"no\"><\/iframe><\/p>\n<p>Et une petite video sur YEMA et la route du rhum 2002<br \/>\n<iframe src=\"https:\/\/player.ina.fr\/player\/embed\/I10294461\/1\/1b0bd203fbcd702f9bc9b10ac3d0fc21\/620\/349\/0\" width=\"620\" height=\"349\" frameborder=\"0\" marginwidth=\"0\" marginheight=\"0\" scrolling=\"no\"><\/iframe><\/p>\n<p><a href=\"https:\/\/www.ina.fr\/recherche\/search?search=yema\">Le site de l&rsquo;INA<\/a><\/p>\n","protected":false},"excerpt":{"rendered":"<p>S\u00e9ance cin\u00e9 avec les publicit\u00e9s TV YEMA ! D\u00e9licieusement kitch, voici quelques publicit\u00e9s de la marque YEMA qui [&hellip;]<\/p>\n","protected":false},"author":6,"featured_media":0,"parent":4055,"menu_order":0,"comment_status":"closed","ping_status":"closed","template":"","meta":{"_crdt_document":"","_monsterinsights_skip_tracking":false,"_monsterinsights_sitenote_active":false,"_monsterinsights_sitenote_note":"","_monsterinsights_sitenote_category":0,"two_page_speed":[],"footnotes":""},"class_list":["post-4043","page","type-page","status-publish","hentry"],"yoast_head":"<!-- This site is optimized with the Yoast SEO plugin v27.4 - https:\/\/yoast.com\/product\/yoast-seo-wordpress\/ -->\n<title>Pubs TV &#8211; LE CLUB YEMA<\/title>\n<meta name=\"robots\" content=\"index, follow, max-snippet:-1, max-image-preview:large, max-video-preview:-1\" \/>\n<link rel=\"canonical\" href=\"https:\/\/leclubyema.com\/index.php\/medias\/pubs-tv\/\" \/>\n<meta property=\"og:locale\" content=\"fr_FR\" \/>\n<meta property=\"og:type\" content=\"article\" \/>\n<meta property=\"og:title\" content=\"Pubs TV &#8211; LE CLUB YEMA\" \/>\n<meta property=\"og:description\" content=\"S\u00e9ance cin\u00e9 avec les publicit\u00e9s TV YEMA ! D\u00e9licieusement kitch, voici quelques publicit\u00e9s de la marque YEMA qui [&hellip;]\" \/>\n<meta property=\"og:url\" content=\"https:\/\/leclubyema.com\/index.php\/medias\/pubs-tv\/\" \/>\n<meta property=\"og:site_name\" content=\"LE CLUB YEMA\" \/>\n<meta property=\"article:publisher\" content=\"https:\/\/www.facebook.com\/groups\/287686301762220\" \/>\n<meta property=\"article:modified_time\" content=\"2020-05-23T22:39:13+00:00\" \/>\n<meta name=\"twitter:card\" content=\"summary_large_image\" \/>\n<script type=\"application\/ld+json\" class=\"yoast-schema-graph\">{\"@context\":\"https:\\\/\\\/schema.org\",\"@graph\":[{\"@type\":\"WebPage\",\"@id\":\"https:\\\/\\\/leclubyema.com\\\/index.php\\\/medias\\\/pubs-tv\\\/\",\"url\":\"https:\\\/\\\/leclubyema.com\\\/index.php\\\/medias\\\/pubs-tv\\\/\",\"name\":\"Pubs TV &#8211; LE CLUB YEMA\",\"isPartOf\":{\"@id\":\"https:\\\/\\\/leclubyema.com\\\/#website\"},\"datePublished\":\"2020-05-23T21:09:09+00:00\",\"dateModified\":\"2020-05-23T22:39:13+00:00\",\"breadcrumb\":{\"@id\":\"https:\\\/\\\/leclubyema.com\\\/index.php\\\/medias\\\/pubs-tv\\\/#breadcrumb\"},\"inLanguage\":\"fr-FR\",\"potentialAction\":[{\"@type\":\"ReadAction\",\"target\":[\"https:\\\/\\\/leclubyema.com\\\/index.php\\\/medias\\\/pubs-tv\\\/\"]}]},{\"@type\":\"BreadcrumbList\",\"@id\":\"https:\\\/\\\/leclubyema.com\\\/index.php\\\/medias\\\/pubs-tv\\\/#breadcrumb\",\"itemListElement\":[{\"@type\":\"ListItem\",\"position\":1,\"name\":\"Accueil\",\"item\":\"https:\\\/\\\/leclubyema.com\\\/\"},{\"@type\":\"ListItem\",\"position\":2,\"name\":\"M\u00e9dias\",\"item\":\"https:\\\/\\\/leclubyema.com\\\/index.php\\\/medias\\\/\"},{\"@type\":\"ListItem\",\"position\":3,\"name\":\"Pubs TV\"}]},{\"@type\":\"WebSite\",\"@id\":\"https:\\\/\\\/leclubyema.com\\\/#website\",\"url\":\"https:\\\/\\\/leclubyema.com\\\/\",\"name\":\"LE CLUB YEMA\",\"description\":\"L&#039;univers des montres Yema d&#039;antan et d&#039;aujourd&#039;hui\",\"publisher\":{\"@id\":\"https:\\\/\\\/leclubyema.com\\\/#organization\"},\"potentialAction\":[{\"@type\":\"SearchAction\",\"target\":{\"@type\":\"EntryPoint\",\"urlTemplate\":\"https:\\\/\\\/leclubyema.com\\\/?s={search_term_string}\"},\"query-input\":{\"@type\":\"PropertyValueSpecification\",\"valueRequired\":true,\"valueName\":\"search_term_string\"}}],\"inLanguage\":\"fr-FR\"},{\"@type\":\"Organization\",\"@id\":\"https:\\\/\\\/leclubyema.com\\\/#organization\",\"name\":\"Le Club Yema\",\"url\":\"https:\\\/\\\/leclubyema.com\\\/\",\"logo\":{\"@type\":\"ImageObject\",\"inLanguage\":\"fr-FR\",\"@id\":\"https:\\\/\\\/leclubyema.com\\\/#\\\/schema\\\/logo\\\/image\\\/\",\"url\":\"https:\\\/\\\/i0.wp.com\\\/leclubyema.com\\\/wp-content\\\/uploads\\\/2018\\\/05\\\/Logo_ClubYema_OK.jpg?fit=1547%2C636&ssl=1\",\"contentUrl\":\"https:\\\/\\\/i0.wp.com\\\/leclubyema.com\\\/wp-content\\\/uploads\\\/2018\\\/05\\\/Logo_ClubYema_OK.jpg?fit=1547%2C636&ssl=1\",\"width\":1547,\"height\":636,\"caption\":\"Le Club Yema\"},\"image\":{\"@id\":\"https:\\\/\\\/leclubyema.com\\\/#\\\/schema\\\/logo\\\/image\\\/\"},\"sameAs\":[\"https:\\\/\\\/www.facebook.com\\\/groups\\\/287686301762220\",\"https:\\\/\\\/www.instagram.com\\\/leclubyema\\\/\"]}]}<\/script>\n<!-- \/ Yoast SEO plugin. -->","yoast_head_json":{"title":"Pubs TV &#8211; LE CLUB YEMA","robots":{"index":"index","follow":"follow","max-snippet":"max-snippet:-1","max-image-preview":"max-image-preview:large","max-video-preview":"max-video-preview:-1"},"canonical":"https:\/\/leclubyema.com\/index.php\/medias\/pubs-tv\/","og_locale":"fr_FR","og_type":"article","og_title":"Pubs TV &#8211; LE CLUB YEMA","og_description":"S\u00e9ance cin\u00e9 avec les publicit\u00e9s TV YEMA ! D\u00e9licieusement kitch, voici quelques publicit\u00e9s de la marque YEMA qui [&hellip;]","og_url":"https:\/\/leclubyema.com\/index.php\/medias\/pubs-tv\/","og_site_name":"LE CLUB YEMA","article_publisher":"https:\/\/www.facebook.com\/groups\/287686301762220","article_modified_time":"2020-05-23T22:39:13+00:00","twitter_card":"summary_large_image","schema":{"@context":"https:\/\/schema.org","@graph":[{"@type":"WebPage","@id":"https:\/\/leclubyema.com\/index.php\/medias\/pubs-tv\/","url":"https:\/\/leclubyema.com\/index.php\/medias\/pubs-tv\/","name":"Pubs TV &#8211; LE CLUB YEMA","isPartOf":{"@id":"https:\/\/leclubyema.com\/#website"},"datePublished":"2020-05-23T21:09:09+00:00","dateModified":"2020-05-23T22:39:13+00:00","breadcrumb":{"@id":"https:\/\/leclubyema.com\/index.php\/medias\/pubs-tv\/#breadcrumb"},"inLanguage":"fr-FR","potentialAction":[{"@type":"ReadAction","target":["https:\/\/leclubyema.com\/index.php\/medias\/pubs-tv\/"]}]},{"@type":"BreadcrumbList","@id":"https:\/\/leclubyema.com\/index.php\/medias\/pubs-tv\/#breadcrumb","itemListElement":[{"@type":"ListItem","position":1,"name":"Accueil","item":"https:\/\/leclubyema.com\/"},{"@type":"ListItem","position":2,"name":"M\u00e9dias","item":"https:\/\/leclubyema.com\/index.php\/medias\/"},{"@type":"ListItem","position":3,"name":"Pubs TV"}]},{"@type":"WebSite","@id":"https:\/\/leclubyema.com\/#website","url":"https:\/\/leclubyema.com\/","name":"LE CLUB YEMA","description":"L&#039;univers des montres Yema d&#039;antan et d&#039;aujourd&#039;hui","publisher":{"@id":"https:\/\/leclubyema.com\/#organization"},"potentialAction":[{"@type":"SearchAction","target":{"@type":"EntryPoint","urlTemplate":"https:\/\/leclubyema.com\/?s={search_term_string}"},"query-input":{"@type":"PropertyValueSpecification","valueRequired":true,"valueName":"search_term_string"}}],"inLanguage":"fr-FR"},{"@type":"Organization","@id":"https:\/\/leclubyema.com\/#organization","name":"Le Club Yema","url":"https:\/\/leclubyema.com\/","logo":{"@type":"ImageObject","inLanguage":"fr-FR","@id":"https:\/\/leclubyema.com\/#\/schema\/logo\/image\/","url":"https:\/\/i0.wp.com\/leclubyema.com\/wp-content\/uploads\/2018\/05\/Logo_ClubYema_OK.jpg?fit=1547%2C636&ssl=1","contentUrl":"https:\/\/i0.wp.com\/leclubyema.com\/wp-content\/uploads\/2018\/05\/Logo_ClubYema_OK.jpg?fit=1547%2C636&ssl=1","width":1547,"height":636,"caption":"Le Club Yema"},"image":{"@id":"https:\/\/leclubyema.com\/#\/schema\/logo\/image\/"},"sameAs":["https:\/\/www.facebook.com\/groups\/287686301762220","https:\/\/www.instagram.com\/leclubyema\/"]}]}},"_links":{"self":[{"href":"https:\/\/leclubyema.com\/index.php\/wp-json\/wp\/v2\/pages\/4043","targetHints":{"allow":["GET"]}}],"collection":[{"href":"https:\/\/leclubyema.com\/index.php\/wp-json\/wp\/v2\/pages"}],"about":[{"href":"https:\/\/leclubyema.com\/index.php\/wp-json\/wp\/v2\/types\/page"}],"author":[{"embeddable":true,"href":"https:\/\/leclubyema.com\/index.php\/wp-json\/wp\/v2\/users\/6"}],"replies":[{"embeddable":true,"href":"https:\/\/leclubyema.com\/index.php\/wp-json\/wp\/v2\/comments?post=4043"}],"version-history":[{"count":4,"href":"https:\/\/leclubyema.com\/index.php\/wp-json\/wp\/v2\/pages\/4043\/revisions"}],"predecessor-version":[{"id":4064,"href":"https:\/\/leclubyema.com\/index.php\/wp-json\/wp\/v2\/pages\/4043\/revisions\/4064"}],"up":[{"embeddable":true,"href":"https:\/\/leclubyema.com\/index.php\/wp-json\/wp\/v2\/pages\/4055"}],"wp:attachment":[{"href":"https:\/\/leclubyema.com\/index.php\/wp-json\/wp\/v2\/media?parent=4043"}],"curies":[{"name":"wp","href":"https:\/\/api.w.org\/{rel}","templated":true}]}}