{"id":16,"date":"2018-02-09T15:25:19","date_gmt":"2018-02-09T14:25:19","guid":{"rendered":"http:\/\/leclubyema.com\/?page_id=16"},"modified":"2019-05-13T09:14:23","modified_gmt":"2019-05-13T07:14:23","slug":"accueil","status":"publish","type":"page","link":"https:\/\/leclubyema.com\/index.php\/accueil\/","title":{"rendered":"Accueil"},"content":{"rendered":"<p>Bonjour \u00e0 tous,<\/p>\n<p>Je vous pr\u00e9sente notre site \u00ab\u00a0Le Club Yema\u00a0\u00bb qui a pour but de partager autour d&rsquo;une marque, qui me plait beaucoup, \u00e0 savoir YEMA !!!<\/p>\n<p>Cette marque a \u00e9t\u00e9 cr\u00e9e il y a 70 ans; en 1948; par Henri Louis Belmont \u00e0 Besan\u00e7on et elle a pendant des d\u00e9cennies propos\u00e9 des montres de qualit\u00e9, elle a cr\u00e9\u00e9 beaucoup de mod\u00e8les\u00a0 vraiment r\u00e9ussis tant par leur Design que par leurs performances, leurs audaces, on peut citer les superman mais aussi les Yachtingraf, flygraf, Rallygraf etc&#8230;..des mod\u00e8les sportifs, bien construit qui plaisent encore aujourd&rsquo;hui.<\/p>\n<p>Il existe\u00a0 un grands nombres de collectionneurs, d&rsquo;amateurs qui sont attir\u00e9s par ces montres, le club Yema a pour but de vous faire d\u00e9couvrir cette marque, ces mod\u00e8les, discuter autour de la marque, partager sur les anciennes mais \u00e9galement les nouvelles\u00a0 puisque le groupe Ambre a visiblement d\u00e9cid\u00e9 de ressortir quelques mod\u00e8les embl\u00e9matiques, organiser des rencontres voir des \u00e9v\u00e9nements autour de cette marques.<\/p>\n<p>Je pr\u00e9cise que ce Club est compl\u00e9tement ind\u00e9pendant de la marque et n&rsquo;a aucun but marchand.<\/p>\n<p>Une newletter sera publi\u00e9 r\u00e9guli\u00e8rement par les membres, avec on l\u2019esp\u00e8re, des articles qui vont vous int\u00e9resser et que vous pourrez \u00e9galement lire ou relire sur notre site ou sur notre Instagram. #LeClubYema<\/p>\n<p>A tr\u00e8s vite&#8230;.<\/p>\n","protected":false},"excerpt":{"rendered":"<p>Bonjour \u00e0 tous, Je vous pr\u00e9sente notre site \u00ab\u00a0Le Club Yema\u00a0\u00bb qui a pour but de partager autour [&hellip;]<\/p>\n","protected":false},"author":5,"featured_media":0,"parent":0,"menu_order":0,"comment_status":"closed","ping_status":"closed","template":"","meta":{"_crdt_document":"","_monsterinsights_skip_tracking":false,"_monsterinsights_sitenote_active":false,"_monsterinsights_sitenote_note":"","_monsterinsights_sitenote_category":0,"two_page_speed":[],"footnotes":""},"class_list":["post-16","page","type-page","status-publish","hentry"],"yoast_head":"<!-- This site is optimized with the Yoast SEO plugin v27.4 - https:\/\/yoast.com\/product\/yoast-seo-wordpress\/ -->\n<title>Accueil &#8211; LE CLUB YEMA<\/title>\n<meta name=\"robots\" content=\"index, follow, max-snippet:-1, max-image-preview:large, max-video-preview:-1\" \/>\n<link rel=\"canonical\" href=\"https:\/\/leclubyema.com\/index.php\/accueil\/\" \/>\n<meta property=\"og:locale\" content=\"fr_FR\" \/>\n<meta property=\"og:type\" content=\"article\" \/>\n<meta property=\"og:title\" content=\"Accueil &#8211; LE CLUB YEMA\" \/>\n<meta property=\"og:description\" content=\"Bonjour \u00e0 tous, Je vous pr\u00e9sente notre site \u00ab\u00a0Le Club Yema\u00a0\u00bb qui a pour but de partager autour [&hellip;]\" \/>\n<meta property=\"og:url\" content=\"https:\/\/leclubyema.com\/index.php\/accueil\/\" \/>\n<meta property=\"og:site_name\" content=\"LE CLUB YEMA\" \/>\n<meta property=\"article:publisher\" content=\"https:\/\/www.facebook.com\/groups\/287686301762220\" \/>\n<meta property=\"article:modified_time\" content=\"2019-05-13T07:14:23+00:00\" \/>\n<meta name=\"twitter:card\" content=\"summary_large_image\" \/>\n<meta name=\"twitter:label1\" content=\"Dur\u00e9e de lecture estim\u00e9e\" \/>\n\t<meta name=\"twitter:data1\" content=\"1 minute\" \/>\n<script type=\"application\/ld+json\" class=\"yoast-schema-graph\">{\"@context\":\"https:\\\/\\\/schema.org\",\"@graph\":[{\"@type\":\"WebPage\",\"@id\":\"https:\\\/\\\/leclubyema.com\\\/index.php\\\/accueil\\\/\",\"url\":\"https:\\\/\\\/leclubyema.com\\\/index.php\\\/accueil\\\/\",\"name\":\"Accueil &#8211; LE CLUB YEMA\",\"isPartOf\":{\"@id\":\"https:\\\/\\\/leclubyema.com\\\/#website\"},\"datePublished\":\"2018-02-09T14:25:19+00:00\",\"dateModified\":\"2019-05-13T07:14:23+00:00\",\"breadcrumb\":{\"@id\":\"https:\\\/\\\/leclubyema.com\\\/index.php\\\/accueil\\\/#breadcrumb\"},\"inLanguage\":\"fr-FR\",\"potentialAction\":[{\"@type\":\"ReadAction\",\"target\":[\"https:\\\/\\\/leclubyema.com\\\/index.php\\\/accueil\\\/\"]}]},{\"@type\":\"BreadcrumbList\",\"@id\":\"https:\\\/\\\/leclubyema.com\\\/index.php\\\/accueil\\\/#breadcrumb\",\"itemListElement\":[{\"@type\":\"ListItem\",\"position\":1,\"name\":\"Accueil\",\"item\":\"https:\\\/\\\/leclubyema.com\\\/\"},{\"@type\":\"ListItem\",\"position\":2,\"name\":\"Accueil\"}]},{\"@type\":\"WebSite\",\"@id\":\"https:\\\/\\\/leclubyema.com\\\/#website\",\"url\":\"https:\\\/\\\/leclubyema.com\\\/\",\"name\":\"LE CLUB YEMA\",\"description\":\"L&#039;univers des montres Yema d&#039;antan et d&#039;aujourd&#039;hui\",\"publisher\":{\"@id\":\"https:\\\/\\\/leclubyema.com\\\/#organization\"},\"potentialAction\":[{\"@type\":\"SearchAction\",\"target\":{\"@type\":\"EntryPoint\",\"urlTemplate\":\"https:\\\/\\\/leclubyema.com\\\/?s={search_term_string}\"},\"query-input\":{\"@type\":\"PropertyValueSpecification\",\"valueRequired\":true,\"valueName\":\"search_term_string\"}}],\"inLanguage\":\"fr-FR\"},{\"@type\":\"Organization\",\"@id\":\"https:\\\/\\\/leclubyema.com\\\/#organization\",\"name\":\"Le Club Yema\",\"url\":\"https:\\\/\\\/leclubyema.com\\\/\",\"logo\":{\"@type\":\"ImageObject\",\"inLanguage\":\"fr-FR\",\"@id\":\"https:\\\/\\\/leclubyema.com\\\/#\\\/schema\\\/logo\\\/image\\\/\",\"url\":\"https:\\\/\\\/i0.wp.com\\\/leclubyema.com\\\/wp-content\\\/uploads\\\/2018\\\/05\\\/Logo_ClubYema_OK.jpg?fit=1547%2C636&ssl=1\",\"contentUrl\":\"https:\\\/\\\/i0.wp.com\\\/leclubyema.com\\\/wp-content\\\/uploads\\\/2018\\\/05\\\/Logo_ClubYema_OK.jpg?fit=1547%2C636&ssl=1\",\"width\":1547,\"height\":636,\"caption\":\"Le Club Yema\"},\"image\":{\"@id\":\"https:\\\/\\\/leclubyema.com\\\/#\\\/schema\\\/logo\\\/image\\\/\"},\"sameAs\":[\"https:\\\/\\\/www.facebook.com\\\/groups\\\/287686301762220\",\"https:\\\/\\\/www.instagram.com\\\/leclubyema\\\/\"]}]}<\/script>\n<!-- \/ Yoast SEO plugin. -->","yoast_head_json":{"title":"Accueil &#8211; LE CLUB YEMA","robots":{"index":"index","follow":"follow","max-snippet":"max-snippet:-1","max-image-preview":"max-image-preview:large","max-video-preview":"max-video-preview:-1"},"canonical":"https:\/\/leclubyema.com\/index.php\/accueil\/","og_locale":"fr_FR","og_type":"article","og_title":"Accueil &#8211; LE CLUB YEMA","og_description":"Bonjour \u00e0 tous, Je vous pr\u00e9sente notre site \u00ab\u00a0Le Club Yema\u00a0\u00bb qui a pour but de partager autour [&hellip;]","og_url":"https:\/\/leclubyema.com\/index.php\/accueil\/","og_site_name":"LE CLUB YEMA","article_publisher":"https:\/\/www.facebook.com\/groups\/287686301762220","article_modified_time":"2019-05-13T07:14:23+00:00","twitter_card":"summary_large_image","twitter_misc":{"Dur\u00e9e de lecture estim\u00e9e":"1 minute"},"schema":{"@context":"https:\/\/schema.org","@graph":[{"@type":"WebPage","@id":"https:\/\/leclubyema.com\/index.php\/accueil\/","url":"https:\/\/leclubyema.com\/index.php\/accueil\/","name":"Accueil &#8211; LE CLUB YEMA","isPartOf":{"@id":"https:\/\/leclubyema.com\/#website"},"datePublished":"2018-02-09T14:25:19+00:00","dateModified":"2019-05-13T07:14:23+00:00","breadcrumb":{"@id":"https:\/\/leclubyema.com\/index.php\/accueil\/#breadcrumb"},"inLanguage":"fr-FR","potentialAction":[{"@type":"ReadAction","target":["https:\/\/leclubyema.com\/index.php\/accueil\/"]}]},{"@type":"BreadcrumbList","@id":"https:\/\/leclubyema.com\/index.php\/accueil\/#breadcrumb","itemListElement":[{"@type":"ListItem","position":1,"name":"Accueil","item":"https:\/\/leclubyema.com\/"},{"@type":"ListItem","position":2,"name":"Accueil"}]},{"@type":"WebSite","@id":"https:\/\/leclubyema.com\/#website","url":"https:\/\/leclubyema.com\/","name":"LE CLUB YEMA","description":"L&#039;univers des montres Yema d&#039;antan et d&#039;aujourd&#039;hui","publisher":{"@id":"https:\/\/leclubyema.com\/#organization"},"potentialAction":[{"@type":"SearchAction","target":{"@type":"EntryPoint","urlTemplate":"https:\/\/leclubyema.com\/?s={search_term_string}"},"query-input":{"@type":"PropertyValueSpecification","valueRequired":true,"valueName":"search_term_string"}}],"inLanguage":"fr-FR"},{"@type":"Organization","@id":"https:\/\/leclubyema.com\/#organization","name":"Le Club Yema","url":"https:\/\/leclubyema.com\/","logo":{"@type":"ImageObject","inLanguage":"fr-FR","@id":"https:\/\/leclubyema.com\/#\/schema\/logo\/image\/","url":"https:\/\/i0.wp.com\/leclubyema.com\/wp-content\/uploads\/2018\/05\/Logo_ClubYema_OK.jpg?fit=1547%2C636&ssl=1","contentUrl":"https:\/\/i0.wp.com\/leclubyema.com\/wp-content\/uploads\/2018\/05\/Logo_ClubYema_OK.jpg?fit=1547%2C636&ssl=1","width":1547,"height":636,"caption":"Le Club Yema"},"image":{"@id":"https:\/\/leclubyema.com\/#\/schema\/logo\/image\/"},"sameAs":["https:\/\/www.facebook.com\/groups\/287686301762220","https:\/\/www.instagram.com\/leclubyema\/"]}]}},"_links":{"self":[{"href":"https:\/\/leclubyema.com\/index.php\/wp-json\/wp\/v2\/pages\/16","targetHints":{"allow":["GET"]}}],"collection":[{"href":"https:\/\/leclubyema.com\/index.php\/wp-json\/wp\/v2\/pages"}],"about":[{"href":"https:\/\/leclubyema.com\/index.php\/wp-json\/wp\/v2\/types\/page"}],"author":[{"embeddable":true,"href":"https:\/\/leclubyema.com\/index.php\/wp-json\/wp\/v2\/users\/5"}],"replies":[{"embeddable":true,"href":"https:\/\/leclubyema.com\/index.php\/wp-json\/wp\/v2\/comments?post=16"}],"version-history":[{"count":2,"href":"https:\/\/leclubyema.com\/index.php\/wp-json\/wp\/v2\/pages\/16\/revisions"}],"predecessor-version":[{"id":249,"href":"https:\/\/leclubyema.com\/index.php\/wp-json\/wp\/v2\/pages\/16\/revisions\/249"}],"wp:attachment":[{"href":"https:\/\/leclubyema.com\/index.php\/wp-json\/wp\/v2\/media?parent=16"}],"curies":[{"name":"wp","href":"https:\/\/api.w.org\/{rel}","templated":true}]}}